{"id":2596,"date":"2023-06-01T07:57:13","date_gmt":"2023-06-01T06:57:13","guid":{"rendered":"https:\/\/montsecactiva.compsa.net\/contacta\/"},"modified":"2023-06-05T08:34:00","modified_gmt":"2023-06-05T07:34:00","slug":"contacta","status":"publish","type":"page","link":"https:\/\/montsecactiva.compsa.net\/es\/contacta\/","title":{"rendered":"Contacta"},"content":{"rendered":"<p><div class=\"fusion-fullwidth fullwidth-box fusion-builder-row-1 fusion-flex-container has-pattern-background has-mask-background nonhundred-percent-fullwidth non-hundred-percent-height-scrolling\" style=\"--awb-background-position:left top;--awb-border-sizes-top:0px;--awb-border-sizes-bottom:0px;--awb-border-sizes-left:0px;--awb-border-sizes-right:0px;--awb-border-radius-top-left:0px;--awb-border-radius-top-right:0px;--awb-border-radius-bottom-right:0px;--awb-border-radius-bottom-left:0px;--awb-padding-top:3%;--awb-padding-bottom:3%;\" ><div class=\"fusion-builder-row fusion-row fusion-flex-align-items-flex-start\" style=\"max-width:calc( 1170px + 0px );margin-left: calc(-0px \/ 2 );margin-right: calc(-0px \/ 2 );\"><div class=\"fusion-layout-column fusion_builder_column fusion-builder-column-0 fusion_builder_column_1_1 1_1 fusion-flex-column\" style=\"--awb-bg-size:cover;--awb-width-large:100%;--awb-margin-top-large:15px;--awb-spacing-right-large:0px;--awb-margin-bottom-large:15px;--awb-spacing-left-large:0px;--awb-width-medium:100%;--awb-order-medium:0;--awb-spacing-right-medium:0px;--awb-spacing-left-medium:0px;--awb-width-small:100%;--awb-order-small:0;--awb-spacing-right-small:0px;--awb-spacing-left-small:0px;\"><div class=\"fusion-column-wrapper fusion-column-has-shadow fusion-flex-justify-content-flex-start fusion-content-layout-column\"><div class=\"fusion-title title fusion-title-1 fusion-sep-none fusion-title-center fusion-title-text fusion-title-size-one\" style=\"--awb-text-color:var(--awb-color3);\"><h1 class=\"title-heading-center fusion-responsive-typography-calculated\" style=\"margin:0;text-transform:uppercase;--fontSize:85;line-height:var(--awb-typography1-line-height);\">CONTACTA<\/h1><\/div><div class=\"fusion-title title fusion-title-2 fusion-sep-none fusion-title-center fusion-title-text fusion-title-size-two\" style=\"--awb-text-color:var(--awb-color7);--awb-margin-top:-90px;--awb-margin-top-small:-80px;\"><h2 class=\"title-heading-center fusion-responsive-typography-calculated\" style=\"margin:0;text-transform:capitalize;--fontSize:60;line-height:1;\">Contacta<\/h2><\/div><div class=\"fusion-separator fusion-full-width-sep\" style=\"align-self: center;margin-left: auto;margin-right: auto;margin-top:50px;width:100%;\"><\/div><div class=\"fusion-text fusion-text-1\" style=\"--awb-content-alignment:center;\"><p>El equipo de <strong>Montsec Activa<\/strong> est\u00e1 aqu\u00ed para ayudarte a organizar una experiencia inolvidable. No dudes en ponerte en <strong>contacto con nosotros<\/strong> para planificar tu aventura en el embalse de Canelles y en el desfiladero de Mont-rebei o para resolver cualquier duda que tengas. Estaremos encantados de formar parte de tus maravillosos recuerdos de la naturaleza y de las monta\u00f1as. Si tienes alguna consulta, sugerencia o quieres m\u00e1s informaci\u00f3n sobre nuestras actividades, tarifas o disponibilidad, no dudes en ponerte en <strong>contacto con nosotros<\/strong>.<\/p>\n<\/div><\/div><\/div><div class=\"fusion-layout-column fusion_builder_column fusion-builder-column-1 fusion_builder_column_2_3 2_3 fusion-flex-column\" style=\"--awb-bg-size:cover;--awb-width-large:66.666666666667%;--awb-margin-top-large:15px;--awb-spacing-right-large:50px;--awb-margin-bottom-large:15px;--awb-spacing-left-large:0px;--awb-width-medium:100%;--awb-order-medium:0;--awb-spacing-right-medium:0px;--awb-spacing-left-medium:0px;--awb-width-small:100%;--awb-order-small:0;--awb-spacing-right-small:0px;--awb-spacing-left-small:0px;\"><div class=\"fusion-column-wrapper fusion-column-has-shadow fusion-flex-justify-content-flex-start fusion-content-layout-column\"><div class=\"fusion-text fusion-text-2 md-text-align-center sm-text-align-center\" style=\"--awb-content-alignment:left;\"><h5>Escribe tu mensaje<\/h5>\n<\/div>\n<div class=\"wpcf7 no-js\" id=\"wpcf7-f3225-o1\" lang=\"es-ES\" dir=\"ltr\">\n<div class=\"screen-reader-response\"><p role=\"status\" aria-live=\"polite\" aria-atomic=\"true\"><\/p> <ul><\/ul><\/div>\n<form action=\"\/es\/wp-json\/wp\/v2\/pages\/2596#wpcf7-f3225-o1\" method=\"post\" class=\"wpcf7-form init\" aria-label=\"Formulario de contacto\" novalidate=\"novalidate\" data-status=\"init\">\n<div style=\"display: none;\">\n<input type=\"hidden\" name=\"_wpcf7\" value=\"3225\" \/>\n<input type=\"hidden\" name=\"_wpcf7_version\" value=\"5.7.7\" \/>\n<input type=\"hidden\" name=\"_wpcf7_locale\" value=\"es_ES\" \/>\n<input type=\"hidden\" name=\"_wpcf7_unit_tag\" value=\"wpcf7-f3225-o1\" \/>\n<input type=\"hidden\" name=\"_wpcf7_container_post\" value=\"0\" \/>\n<input type=\"hidden\" name=\"_wpcf7_posted_data_hash\" value=\"\" \/>\n<\/div>\n<p><label> Nombre y apellidos<br \/>\n<span class=\"wpcf7-form-control-wrap\" data-name=\"your-name\"><input size=\"40\" class=\"wpcf7-form-control wpcf7-text wpcf7-validates-as-required\" autocomplete=\"name\" aria-required=\"true\" aria-invalid=\"false\" value=\"\" type=\"text\" name=\"your-name\" \/><\/span> <\/label>\n<\/p>\n<p><label> Correo electr\u00f3nico<br \/>\n<span class=\"wpcf7-form-control-wrap\" data-name=\"your-email\"><input size=\"40\" class=\"wpcf7-form-control wpcf7-text wpcf7-email wpcf7-validates-as-required wpcf7-validates-as-email\" autocomplete=\"email\" aria-required=\"true\" aria-invalid=\"false\" value=\"\" type=\"email\" name=\"your-email\" \/><\/span> <\/label>\n<\/p>\n<p><label> Tel\u00e9fono<br \/>\n<span class=\"wpcf7-form-control-wrap\" data-name=\"tel-146\"><input size=\"40\" class=\"wpcf7-form-control wpcf7-text wpcf7-tel wpcf7-validates-as-tel\" autocomplete=\"tel\" aria-invalid=\"false\" value=\"\" type=\"tel\" name=\"tel-146\" \/><\/span><\/label>\n<\/p>\n<p><label> Asunto<br \/>\n<span class=\"wpcf7-form-control-wrap\" data-name=\"your-subject\"><input size=\"40\" class=\"wpcf7-form-control wpcf7-text wpcf7-validates-as-required\" aria-required=\"true\" aria-invalid=\"false\" value=\"\" type=\"text\" name=\"your-subject\" \/><\/span> <\/label>\n<\/p>\n<p><label> El mensaje (opcional)<br \/>\n<span class=\"wpcf7-form-control-wrap\" data-name=\"your-message\"><textarea cols=\"40\" rows=\"10\" class=\"wpcf7-form-control wpcf7-textarea\" aria-invalid=\"false\" name=\"your-message\"><\/textarea><\/span> <\/label>\n<\/p>\n<p><input class=\"wpcf7-form-control has-spinner wpcf7-submit\" type=\"submit\" value=\"Envia\" \/>\n<\/p><div class=\"fusion-alert alert custom alert-custom fusion-alert-center wpcf7-response-output fusion-alert-capitalize alert-dismissable\" style=\"--awb-border-size:1px;\" role=\"alert\"><div class=\"fusion-alert-content-wrapper\"><span class=\"fusion-alert-content\"><\/span><\/div><button type=\"button\" class=\"close toggle-alert\" data-dismiss=\"alert\" aria-label=\"Close\">&times;<\/button><\/div>\n<\/form>\n<\/div>\n<\/div><\/div><div class=\"fusion-layout-column fusion_builder_column fusion-builder-column-2 fusion_builder_column_1_3 1_3 fusion-flex-column fusion-no-small-visibility fusion-no-medium-visibility\" style=\"--awb-bg-size:cover;--awb-width-large:33.333333333333%;--awb-margin-top-large:15px;--awb-spacing-right-large:0px;--awb-margin-bottom-large:15px;--awb-spacing-left-large:0px;--awb-width-medium:100%;--awb-order-medium:0;--awb-spacing-right-medium:0px;--awb-spacing-left-medium:0px;--awb-width-small:100%;--awb-order-small:0;--awb-spacing-right-small:0px;--awb-spacing-left-small:0px;\"><div class=\"fusion-column-wrapper fusion-column-has-shadow fusion-flex-justify-content-flex-start fusion-content-layout-column\"><div class=\"fusion-text fusion-text-3 sm-text-align-center\" style=\"--awb-content-alignment:left;\"><h5>Montsec Activa<\/h5>\n<\/div><ul style=\"--awb-size:16px;--awb-line-height:27.2px;--awb-icon-width:27.2px;--awb-icon-height:27.2px;--awb-icon-margin:11.2px;--awb-content-margin:38.4px;\" class=\"fusion-checklist fusion-checklist-1 fusion-checklist-default type-icons\"><li class=\"fusion-li-item\" style=\"\"><span class=\"icon-wrapper circle-no\"><i class=\"fusion-li-icon fa-headset fas\" aria-hidden=\"true\"><\/i><\/span><div class=\"fusion-li-item-content\"><a href=\"tel:636561204\">(+34) 636 56 12 04<\/a><\/div><\/li><li class=\"fusion-li-item\" style=\"\"><span class=\"icon-wrapper circle-no\"><i class=\"fusion-li-icon fa-envelope-open fas\" aria-hidden=\"true\"><\/i><\/span><div class=\"fusion-li-item-content\"><a href=\"mailto:info@montsecactiva.compsa.net\">info@montsecactiva.compsa.net<\/a><\/div><\/li><li class=\"fusion-li-item\" style=\"\"><span class=\"icon-wrapper circle-no\"><i class=\"fusion-li-icon fa-map-marker-alt fas\" aria-hidden=\"true\"><\/i><\/span><div class=\"fusion-li-item-content\"><a href=\"https:\/\/goo.gl\/maps\/ZeFswQAftP24JmqZ7\" target=\"_blank\" rel=\"noopener\">Afores, s\/n, 25691 \u00c0ger, Catalunya, Espanya<\/a><\/div><\/li><li class=\"fusion-li-item\" style=\"\"><span class=\"icon-wrapper circle-no\"><i class=\"fusion-li-icon fa-tripadvisor fab\" aria-hidden=\"true\"><\/i><\/span><div class=\"fusion-li-item-content\"><a href=\"https:\/\/www.tripadvisor.es\/Attraction_Review-g1236100-d2352164-Reviews-Montsec_Activa-Ager_Province_of_Lleida_Catalonia.html\" target=\"_blank\" rel=\"noopener\">Tripadvisor<\/a><\/div><\/li><\/ul><div class=\"fusion-social-links fusion-social-links-1\" style=\"--awb-margin-top:0px;--awb-margin-right:0px;--awb-margin-bottom:0px;--awb-margin-left:0px;--awb-alignment:left;--awb-box-border-top:0px;--awb-box-border-right:0px;--awb-box-border-bottom:0px;--awb-box-border-left:0px;--awb-icon-colors-hover:hsla(var(--awb-color5-h),var(--awb-color5-s),var(--awb-color5-l),calc(var(--awb-color5-a) - 20%));--awb-box-colors-hover:rgba(255,255,255,0);--awb-box-border-color:var(--awb-color3);--awb-box-border-color-hover:var(--awb-color4);--awb-alignment-small:center;\"><div class=\"fusion-social-networks color-type-custom\"><div class=\"fusion-social-networks-wrapper\"><a class=\"fusion-social-network-icon fusion-tooltip fusion-facebook awb-icon-facebook\" style=\"color:var(--awb-color5);font-size:14px;\" data-placement=\"top\" data-title=\"Facebook\" data-toggle=\"tooltip\" title=\"Facebook\" aria-label=\"facebook\" target=\"_blank\" rel=\"noopener noreferrer\" href=\"https:\/\/www.facebook.com\/MontsecActiva\"><\/a><a class=\"fusion-social-network-icon fusion-tooltip fusion-instagram awb-icon-instagram\" style=\"color:var(--awb-color5);font-size:14px;\" data-placement=\"top\" data-title=\"Instagram\" data-toggle=\"tooltip\" title=\"Instagram\" aria-label=\"instagram\" target=\"_blank\" rel=\"noopener noreferrer\" href=\"https:\/\/www.instagram.com\/montsecactiva\/\"><\/a><\/div><\/div><\/div><div class=\"fusion-image-element \" style=\"--awb-margin-top:30px;--awb-caption-title-size:var(--h2_typography-font-size);--awb-caption-title-transform:var(--h2_typography-text-transform);--awb-caption-title-line-height:var(--h2_typography-line-height);--awb-caption-title-letter-spacing:var(--h2_typography-letter-spacing);\"><span class=\" fusion-imageframe imageframe-dropshadow imageframe-1 hover-type-none fusion-animated\" style=\"border-radius:25px 0px 25px 0px;-webkit-box-shadow: 1px 1px 5px var(--awb-color6);box-shadow: 1px 1px 5px var(--awb-color6);\" data-animationType=\"fadeInRight\" data-animationDuration=\"0.6\" data-animationDelay=\"0.2\" data-animationOffset=\"top-into-view\"><img decoding=\"async\" width=\"480\" height=\"480\" title=\"LLOC-FINESTRES\" src=\"https:\/\/montsecactiva.compsa.net\/wp-content\/uploads\/2017\/05\/LLOC-FINESTRES.png\" data-orig-src=\"https:\/\/montsecactiva.compsa.net\/wp-content\/uploads\/2017\/05\/LLOC-FINESTRES.png\" alt class=\"lazyload img-responsive wp-image-2426\" srcset=\"data:image\/svg+xml,%3Csvg%20xmlns%3D%27http%3A%2F%2Fwww.w3.org%2F2000%2Fsvg%27%20width%3D%27480%27%20height%3D%27480%27%20viewBox%3D%270%200%20480%20480%27%3E%3Crect%20width%3D%27480%27%20height%3D%27480%27%20fill-opacity%3D%220%22%2F%3E%3C%2Fsvg%3E\" data-srcset=\"https:\/\/montsecactiva.compsa.net\/wp-content\/uploads\/2017\/05\/LLOC-FINESTRES-200x200.png 200w, https:\/\/montsecactiva.compsa.net\/wp-content\/uploads\/2017\/05\/LLOC-FINESTRES-400x400.png 400w, https:\/\/montsecactiva.compsa.net\/wp-content\/uploads\/2017\/05\/LLOC-FINESTRES.png 480w\" data-sizes=\"auto\" data-orig-sizes=\"(max-width: 1000px) 100vw, (max-width: 640px) 100vw, 400px\" \/><\/span><\/div><\/div><\/div><\/div><\/div><div class=\"fusion-fullwidth fullwidth-box fusion-builder-row-2 fusion-flex-container has-pattern-background has-mask-background hundred-percent-fullwidth non-hundred-percent-height-scrolling\" style=\"--awb-border-radius-top-left:0px;--awb-border-radius-top-right:0px;--awb-border-radius-bottom-right:0px;--awb-border-radius-bottom-left:0px;--awb-padding-right:0px;--awb-padding-left:0px;--awb-margin-top:0px;\" ><div class=\"fusion-builder-row fusion-row fusion-flex-align-items-flex-start\" style=\"width:104% !important;max-width:104% !important;margin-left: calc(-4% \/ 2 );margin-right: calc(-4% \/ 2 );\"><div class=\"fusion-layout-column fusion_builder_column fusion-builder-column-3 fusion_builder_column_1_1 1_1 fusion-flex-column\" style=\"--awb-bg-size:cover;--awb-width-large:100%;--awb-margin-top-large:15px;--awb-spacing-right-large:1.92%;--awb-margin-bottom-large:15px;--awb-spacing-left-large:1.92%;--awb-width-medium:100%;--awb-order-medium:0;--awb-spacing-right-medium:1.92%;--awb-spacing-left-medium:1.92%;--awb-width-small:100%;--awb-order-small:0;--awb-spacing-right-small:1.92%;--awb-spacing-left-small:1.92%;\"><div class=\"fusion-column-wrapper fusion-column-has-shadow fusion-flex-justify-content-flex-start fusion-content-layout-column\"><div class=\"fusion-text fusion-text-4\"><p><iframe style=\"border: 0;\" src=\"https:\/\/www.google.com\/maps\/embed?pb=!1m14!1m8!1m3!1d5929.916458275443!2d0.762527!3d42.001172!3m2!1i1024!2i768!4f13.1!3m3!1m2!1s0x12a65a1a46a78c19%3A0xf6105521165d3c70!2sMontsec%20Activa!5e0!3m2!1ses!2sus!4v1685605984354!5m2!1ses!2sus\" width=\"100%\" height=\"300\" allowfullscreen=\"allowfullscreen\"><\/iframe><\/p>\n<\/div><\/div><\/div><\/div><\/div><div class=\"fusion-fullwidth fullwidth-box fusion-builder-row-3 fusion-flex-container has-pattern-background has-mask-background nonhundred-percent-fullwidth non-hundred-percent-height-scrolling\" style=\"--awb-border-radius-top-left:0px;--awb-border-radius-top-right:0px;--awb-border-radius-bottom-right:0px;--awb-border-radius-bottom-left:0px;--awb-padding-top:0%;--awb-padding-bottom:0%;--awb-margin-top:0px;--awb-margin-bottom:-40px;--awb-background-color:rgba(238,238,238,0);\" ><div class=\"fusion-builder-row fusion-row fusion-flex-align-items-flex-start\" style=\"max-width:1216.8px;margin-left: calc(-4% \/ 2 );margin-right: calc(-4% \/ 2 );\"><div class=\"fusion-layout-column fusion_builder_column fusion-builder-column-4 fusion_builder_column_1_1 1_1 fusion-flex-column\" style=\"--awb-bg-size:cover;--awb-width-large:100%;--awb-margin-top-large:-44px;--awb-spacing-right-large:1.92%;--awb-margin-bottom-large:0px;--awb-spacing-left-large:1.92%;--awb-width-medium:100%;--awb-order-medium:0;--awb-spacing-right-medium:1.92%;--awb-spacing-left-medium:1.92%;--awb-width-small:100%;--awb-order-small:0;--awb-spacing-right-small:1.92%;--awb-spacing-left-small:1.92%;\"><div class=\"fusion-column-wrapper fusion-column-has-shadow fusion-flex-justify-content-flex-start fusion-content-layout-column\"><div class=\"fusion-section-separator section-separator waves-opacity fusion-section-separator-1\" style=\"--awb-spacer-padding-top:inherit;--awb-svg-margin-left:1.92%;--awb-svg-margin-right:1.92%;--awb-svg-margin-left-medium:1.92%;--awb-svg-margin-right-medium:1.92%;--awb-svg-margin-left-small:1.92%;--awb-svg-margin-right-small:1.92%;--awb-divider-height:140px;--awb-spacer-height:140px;--awb-sep-font-size:0;--awb-sep-line-height:0;\"><div class=\"fusion-section-separator-svg\"><svg class=\"fusion-waves-opacity-candy\" fill=\"var(--awb-color2)\" xmlns=\"http:\/\/www.w3.org\/2000\/svg\" version=\"1.1\" width=\"100%\" viewBox=\"0 1 1024 216\" preserveAspectRatio=\"none\" fill=\"rgba(247,247,247,1)\"><path class=\"st0\" d=\"M0 215.4c19.4.5 38.7 1.6 57.7.3 206.6-15 248.5-126.6 455-143.8 184.8-15.5 285.7 60.9 464.3 41.3 16.9-1.8 32.5-4.4 47.1-7.6L1024 .4H0v215z\"\/>\n\t\t\t\t\t\t\t\t\t\t<path class=\"st1\" d=\"M0 196.4c30.2 1.6 59.6 1.6 86.8-.4C293.4 180.9 284.1 73.4 490.7 56.2c184.9-15.5 278.5 58.2 457.1 38.4 28.3-3.2 53.5-8.2 76.2-14.6V.256H0V196.4z\"\/>\n\t\t\t\t\t\t\t\t\t\t<path class=\"st2\" d=\"M0 169.8c22.2.3 43.8-.2 64.2-1.7C270.8 153.1 262 55.6 468.6 38.4 653.4 22.9 695.4 89.5 874 69.7c54.8-6 104.9-18.3 150-33.7V.256H0V169.8z\"\/>\n\t\t\t\t\t\t\t\t\t\t<path class=\"st3\" d=\"M0 162.1c4-.2 8-.4 11.9-.7C218.4 146.3 239.8 37 446.4 19.8 631.3 4.3 672.7 60.9 851.3 41.1c64-7.2 121.9-20.8 172.7-37.9V.156H0V162.1z\"\/>\n\t\t\t\t\t\t\t\t\t<\/svg><\/div><div class=\"fusion-section-separator-spacer\"><div class=\"fusion-section-separator-spacer-height\"><\/div><\/div><\/div><\/div><\/div><\/div><\/div><\/p>\n","protected":false},"excerpt":{"rendered":"","protected":false},"author":1,"featured_media":0,"parent":0,"menu_order":0,"comment_status":"closed","ping_status":"closed","template":"100-width.php","meta":[],"yoast_head":"<!-- This site is optimized with the Yoast SEO plugin v20.8 - https:\/\/yoast.com\/wordpress\/plugins\/seo\/ -->\n<title>Contacta - Montsec Activa<\/title>\n<meta name=\"robots\" content=\"noindex, follow, max-snippet:-1, max-image-preview:large, max-video-preview:-1\" \/>\n<meta property=\"og:locale\" content=\"es_ES\" \/>\n<meta property=\"og:type\" content=\"article\" \/>\n<meta property=\"og:title\" content=\"Contacta - Montsec Activa\" \/>\n<meta property=\"og:url\" content=\"https:\/\/montsecactiva.compsa.net\/es\/contacta\/\" \/>\n<meta property=\"og:site_name\" content=\"Montsec Activa\" \/>\n<meta property=\"article:publisher\" content=\"https:\/\/www.facebook.com\/MontsecActiva\" \/>\n<meta property=\"article:modified_time\" content=\"2023-06-05T07:34:00+00:00\" \/>\n<meta name=\"twitter:card\" content=\"summary_large_image\" \/>\n<meta name=\"twitter:label1\" content=\"Tiempo de lectura\" \/>\n\t<meta name=\"twitter:data1\" content=\"13 minutos\" \/>\n<script type=\"application\/ld+json\" class=\"yoast-schema-graph\">{\"@context\":\"https:\/\/schema.org\",\"@graph\":[{\"@type\":\"WebPage\",\"@id\":\"https:\/\/montsecactiva.compsa.net\/es\/contacta\/\",\"url\":\"https:\/\/montsecactiva.compsa.net\/es\/contacta\/\",\"name\":\"Contacta - Montsec Activa\",\"isPartOf\":{\"@id\":\"https:\/\/montsecactiva.compsa.net\/#website\"},\"datePublished\":\"2023-06-01T06:57:13+00:00\",\"dateModified\":\"2023-06-05T07:34:00+00:00\",\"breadcrumb\":{\"@id\":\"https:\/\/montsecactiva.compsa.net\/es\/contacta\/#breadcrumb\"},\"inLanguage\":\"es\",\"potentialAction\":[{\"@type\":\"ReadAction\",\"target\":[\"https:\/\/montsecactiva.compsa.net\/es\/contacta\/\"]}]},{\"@type\":\"BreadcrumbList\",\"@id\":\"https:\/\/montsecactiva.compsa.net\/es\/contacta\/#breadcrumb\",\"itemListElement\":[{\"@type\":\"ListItem\",\"position\":1,\"name\":\"Inici\",\"item\":\"https:\/\/montsecactiva.compsa.net\/es\/inicio\/\"},{\"@type\":\"ListItem\",\"position\":2,\"name\":\"Contacta\"}]},{\"@type\":\"WebSite\",\"@id\":\"https:\/\/montsecactiva.compsa.net\/#website\",\"url\":\"https:\/\/montsecactiva.compsa.net\/\",\"name\":\"Montsec Activa\",\"description\":\"Lloguer de kayaks i excursions amb vaixell a Mont-Rebei\",\"publisher\":{\"@id\":\"https:\/\/montsecactiva.compsa.net\/#organization\"},\"potentialAction\":[{\"@type\":\"SearchAction\",\"target\":{\"@type\":\"EntryPoint\",\"urlTemplate\":\"https:\/\/montsecactiva.compsa.net\/?s={search_term_string}\"},\"query-input\":\"required name=search_term_string\"}],\"inLanguage\":\"es\"},{\"@type\":\"Organization\",\"@id\":\"https:\/\/montsecactiva.compsa.net\/#organization\",\"name\":\"Montsec Activa\",\"url\":\"https:\/\/montsecactiva.compsa.net\/\",\"logo\":{\"@type\":\"ImageObject\",\"inLanguage\":\"es\",\"@id\":\"https:\/\/montsecactiva.compsa.net\/#\/schema\/logo\/image\/\",\"url\":\"https:\/\/montsecactiva.compsa.net\/wp-content\/uploads\/2023\/03\/Logo-montsecactiva.png\",\"contentUrl\":\"https:\/\/montsecactiva.compsa.net\/wp-content\/uploads\/2023\/03\/Logo-montsecactiva.png\",\"width\":340,\"height\":156,\"caption\":\"Montsec Activa\"},\"image\":{\"@id\":\"https:\/\/montsecactiva.compsa.net\/#\/schema\/logo\/image\/\"},\"sameAs\":[\"https:\/\/www.facebook.com\/MontsecActiva\",\"https:\/\/www.instagram.com\/montsecactiva\/\"]}]}<\/script>\n<!-- \/ Yoast SEO plugin. -->","yoast_head_json":{"title":"Contacta - Montsec Activa","robots":{"index":"noindex","follow":"follow","max-snippet":"max-snippet:-1","max-image-preview":"max-image-preview:large","max-video-preview":"max-video-preview:-1"},"og_locale":"es_ES","og_type":"article","og_title":"Contacta - Montsec Activa","og_url":"https:\/\/montsecactiva.compsa.net\/es\/contacta\/","og_site_name":"Montsec Activa","article_publisher":"https:\/\/www.facebook.com\/MontsecActiva","article_modified_time":"2023-06-05T07:34:00+00:00","twitter_card":"summary_large_image","twitter_misc":{"Tiempo de lectura":"13 minutos"},"schema":{"@context":"https:\/\/schema.org","@graph":[{"@type":"WebPage","@id":"https:\/\/montsecactiva.compsa.net\/es\/contacta\/","url":"https:\/\/montsecactiva.compsa.net\/es\/contacta\/","name":"Contacta - Montsec Activa","isPartOf":{"@id":"https:\/\/montsecactiva.compsa.net\/#website"},"datePublished":"2023-06-01T06:57:13+00:00","dateModified":"2023-06-05T07:34:00+00:00","breadcrumb":{"@id":"https:\/\/montsecactiva.compsa.net\/es\/contacta\/#breadcrumb"},"inLanguage":"es","potentialAction":[{"@type":"ReadAction","target":["https:\/\/montsecactiva.compsa.net\/es\/contacta\/"]}]},{"@type":"BreadcrumbList","@id":"https:\/\/montsecactiva.compsa.net\/es\/contacta\/#breadcrumb","itemListElement":[{"@type":"ListItem","position":1,"name":"Inici","item":"https:\/\/montsecactiva.compsa.net\/es\/inicio\/"},{"@type":"ListItem","position":2,"name":"Contacta"}]},{"@type":"WebSite","@id":"https:\/\/montsecactiva.compsa.net\/#website","url":"https:\/\/montsecactiva.compsa.net\/","name":"Montsec Activa","description":"Lloguer de kayaks i excursions amb vaixell a Mont-Rebei","publisher":{"@id":"https:\/\/montsecactiva.compsa.net\/#organization"},"potentialAction":[{"@type":"SearchAction","target":{"@type":"EntryPoint","urlTemplate":"https:\/\/montsecactiva.compsa.net\/?s={search_term_string}"},"query-input":"required name=search_term_string"}],"inLanguage":"es"},{"@type":"Organization","@id":"https:\/\/montsecactiva.compsa.net\/#organization","name":"Montsec Activa","url":"https:\/\/montsecactiva.compsa.net\/","logo":{"@type":"ImageObject","inLanguage":"es","@id":"https:\/\/montsecactiva.compsa.net\/#\/schema\/logo\/image\/","url":"https:\/\/montsecactiva.compsa.net\/wp-content\/uploads\/2023\/03\/Logo-montsecactiva.png","contentUrl":"https:\/\/montsecactiva.compsa.net\/wp-content\/uploads\/2023\/03\/Logo-montsecactiva.png","width":340,"height":156,"caption":"Montsec Activa"},"image":{"@id":"https:\/\/montsecactiva.compsa.net\/#\/schema\/logo\/image\/"},"sameAs":["https:\/\/www.facebook.com\/MontsecActiva","https:\/\/www.instagram.com\/montsecactiva\/"]}]}},"_links":{"self":[{"href":"https:\/\/montsecactiva.compsa.net\/es\/wp-json\/wp\/v2\/pages\/2596"}],"collection":[{"href":"https:\/\/montsecactiva.compsa.net\/es\/wp-json\/wp\/v2\/pages"}],"about":[{"href":"https:\/\/montsecactiva.compsa.net\/es\/wp-json\/wp\/v2\/types\/page"}],"author":[{"embeddable":true,"href":"https:\/\/montsecactiva.compsa.net\/es\/wp-json\/wp\/v2\/users\/1"}],"replies":[{"embeddable":true,"href":"https:\/\/montsecactiva.compsa.net\/es\/wp-json\/wp\/v2\/comments?post=2596"}],"version-history":[{"count":3,"href":"https:\/\/montsecactiva.compsa.net\/es\/wp-json\/wp\/v2\/pages\/2596\/revisions"}],"predecessor-version":[{"id":2599,"href":"https:\/\/montsecactiva.compsa.net\/es\/wp-json\/wp\/v2\/pages\/2596\/revisions\/2599"}],"wp:attachment":[{"href":"https:\/\/montsecactiva.compsa.net\/es\/wp-json\/wp\/v2\/media?parent=2596"}],"curies":[{"name":"wp","href":"https:\/\/api.w.org\/{rel}","templated":true}]}}